{"id":343,"date":"2025-09-10T09:18:30","date_gmt":"2025-09-10T12:18:30","guid":{"rendered":"https:\/\/hmdbiomedical.com.br\/?page_id=343"},"modified":"2025-09-10T11:49:27","modified_gmt":"2025-09-10T14:49:27","slug":"glicosys","status":"publish","type":"page","link":"https:\/\/hmdbiomedical.com.br\/index.php\/glicosys\/","title":{"rendered":"GlicoSYS\u00ae"},"content":{"rendered":"\t\t<div data-elementor-type=\"wp-page\" data-elementor-id=\"343\" class=\"elementor elementor-343\">\n\t\t\t\t<div class=\"elementor-element elementor-element-616498b e-flex e-con-boxed e-con e-parent\" data-id=\"616498b\" data-element_type=\"container\" data-e-type=\"container\">\n\t\t\t\t\t<div class=\"e-con-inner\">\n\t\t<div class=\"elementor-element elementor-element-b7a85ca e-con-full e-flex e-con e-child\" data-id=\"b7a85ca\" data-element_type=\"container\" data-e-type=\"container\">\n\t\t\t\t<div class=\"elementor-element elementor-element-3e6cafc elementor-widget elementor-widget-heading\" data-id=\"3e6cafc\" data-element_type=\"widget\" data-e-type=\"widget\" data-widget_type=\"heading.default\">\n\t\t\t\t<div class=\"elementor-widget-container\">\n\t\t\t\t\t<h2 class=\"elementor-heading-title elementor-size-default\">O que \u00e9 o GlicoSYS\u00ae<\/h2>\t\t\t\t<\/div>\n\t\t\t\t<\/div>\n\t\t\t\t<div class=\"elementor-element elementor-element-2eeeb55 elementor-widget elementor-widget-text-editor\" data-id=\"2eeeb55\" data-element_type=\"widget\" data-e-type=\"widget\" data-widget_type=\"text-editor.default\">\n\t\t\t\t<div class=\"elementor-widget-container\">\n\t\t\t\t\t\t\t\t\t<p data-start=\"83\" data-end=\"329\"><br data-start=\"106\" data-end=\"109\">O <strong data-start=\"111\" data-end=\"124\">GlicoSYS\u00ae<\/strong> \u00e9 o primeiro software brasileiro criado para ajudar no cuidado com o diabetes. Ele conecta pacientes, profissionais de sa\u00fade e gestores p\u00fablicos, trazendo tecnologia, praticidade e informa\u00e7\u00f5es precisas.<\/p>\n<p data-start=\"331\" data-end=\"637\">O sistema surgiu ap\u00f3s especialistas em TI e Sa\u00fade perceberem a falta de integra\u00e7\u00e3o entre tecnologia e atendimento b\u00e1sico aos pacientes. Para resolver isso, pesquisaram as melhores solu\u00e7\u00f5es dispon\u00edveis e desenvolveram o GlicoSYS\u00ae, unindo inova\u00e7\u00e3o e os conceitos mais avan\u00e7ados no tratamento do diabetes.<\/p>\t\t\t\t\t\t\t\t<\/div>\n\t\t\t\t<\/div>\n\t\t\t\t<div class=\"elementor-element elementor-element-c3038e8 elementor-widget elementor-widget-button\" data-id=\"c3038e8\" data-element_type=\"widget\" data-e-type=\"widget\" data-widget_type=\"button.default\">\n\t\t\t\t<div class=\"elementor-widget-container\">\n\t\t\t\t\t\t\t\t\t<div class=\"elementor-button-wrapper\">\n\t\t\t\t\t<a class=\"elementor-button elementor-button-link elementor-size-sm\" href=\"https:\/\/hmdbiomedical.com.br\/index.php\/contato\/\">\n\t\t\t\t\t\t<span class=\"elementor-button-content-wrapper\">\n\t\t\t\t\t\t\t\t\t<span class=\"elementor-button-text\">Saiba mais<\/span>\n\t\t\t\t\t<\/span>\n\t\t\t\t\t<\/a>\n\t\t\t\t<\/div>\n\t\t\t\t\t\t\t\t<\/div>\n\t\t\t\t<\/div>\n\t\t\t\t<\/div>\n\t\t<div class=\"elementor-element elementor-element-6a13677 e-con-full e-flex e-con e-child\" data-id=\"6a13677\" data-element_type=\"container\" data-e-type=\"container\">\n\t\t\t\t<div class=\"elementor-element elementor-element-416b1d2 elementor-widget elementor-widget-image\" data-id=\"416b1d2\" data-element_type=\"widget\" data-e-type=\"widget\" data-widget_type=\"image.default\">\n\t\t\t\t<div class=\"elementor-widget-container\">\n\t\t\t\t\t\t\t\t\t\t\t\t\t\t\t<img fetchpriority=\"high\" decoding=\"async\" width=\"711\" height=\"410\" src=\"https:\/\/hmdbiomedical.com.br\/wp-content\/uploads\/2025\/09\/mockup-glicosys.png\" class=\"attachment-full size-full wp-image-389\" alt=\"\" srcset=\"https:\/\/hmdbiomedical.com.br\/wp-content\/uploads\/2025\/09\/mockup-glicosys.png 711w, https:\/\/hmdbiomedical.com.br\/wp-content\/uploads\/2025\/09\/mockup-glicosys-300x173.png 300w, https:\/\/hmdbiomedical.com.br\/wp-content\/uploads\/2025\/09\/mockup-glicosys-200x115.png 200w\" sizes=\"(max-width: 711px) 100vw, 711px\" \/>\t\t\t\t\t\t\t\t\t\t\t\t\t\t\t<\/div>\n\t\t\t\t<\/div>\n\t\t\t\t<\/div>\n\t\t\t\t\t<\/div>\n\t\t\t\t<\/div>\n\t\t\t\t<\/div>\n\t\t","protected":false},"excerpt":{"rendered":"<p>O que \u00e9 o GlicoSYS\u00ae O GlicoSYS\u00ae \u00e9 o primeiro software brasileiro criado para ajudar no cuidado com o diabetes. Ele conecta pacientes, profissionais de sa\u00fade e gestores p\u00fablicos, trazendo tecnologia, praticidade e informa\u00e7\u00f5es precisas. O sistema surgiu ap\u00f3s especialistas em TI e Sa\u00fade perceberem a falta de integra\u00e7\u00e3o entre tecnologia e atendimento b\u00e1sico aos [&hellip;]<\/p>\n","protected":false},"author":1,"featured_media":0,"parent":0,"menu_order":0,"comment_status":"closed","ping_status":"closed","template":"","meta":{"site-sidebar-layout":"no-sidebar","site-content-layout":"","ast-site-content-layout":"full-width-container","site-content-style":"default","site-sidebar-style":"default","ast-global-header-display":"","ast-banner-title-visibility":"","ast-main-header-display":"","ast-hfb-above-header-display":"","ast-hfb-below-header-display":"","ast-hfb-mobile-header-display":"","site-post-title":"","ast-breadcrumbs-content":"","ast-featured-img":"disabled","footer-sml-layout":"","theme-transparent-header-meta":"","adv-header-id-meta":"","stick-header-meta":"","header-above-stick-meta":"","header-main-stick-meta":"","header-below-stick-meta":"","astra-migrate-meta-layouts":"default","ast-page-background-enabled":"default","ast-page-background-meta":{"desktop":{"background-color":"var(--ast-global-color-4)","background-image":"","background-repeat":"repeat","background-position":"center center","background-size":"auto","background-attachment":"scroll","background-type":"","background-media":"","overlay-type":"","overlay-color":"","overlay-opacity":"","overlay-gradient":""},"tablet":{"background-color":"","background-image":"","background-repeat":"repeat","background-position":"center center","background-size":"auto","background-attachment":"scroll","background-type":"","background-media":"","overlay-type":"","overlay-color":"","overlay-opacity":"","overlay-gradient":""},"mobile":{"background-color":"","background-image":"","background-repeat":"repeat","background-position":"center center","background-size":"auto","background-attachment":"scroll","background-type":"","background-media":"","overlay-type":"","overlay-color":"","overlay-opacity":"","overlay-gradient":""}},"ast-content-background-meta":{"desktop":{"background-color":"var(--ast-global-color-5)","background-image":"","background-repeat":"repeat","background-position":"center center","background-size":"auto","background-attachment":"scroll","background-type":"","background-media":"","overlay-type":"","overlay-color":"","overlay-opacity":"","overlay-gradient":""},"tablet":{"background-color":"var(--ast-global-color-5)","background-image":"","background-repeat":"repeat","background-position":"center center","background-size":"auto","background-attachment":"scroll","background-type":"","background-media":"","overlay-type":"","overlay-color":"","overlay-opacity":"","overlay-gradient":""},"mobile":{"background-color":"var(--ast-global-color-5)","background-image":"","background-repeat":"repeat","background-position":"center center","background-size":"auto","background-attachment":"scroll","background-type":"","background-media":"","overlay-type":"","overlay-color":"","overlay-opacity":"","overlay-gradient":""}},"footnotes":""},"class_list":["post-343","page","type-page","status-publish","hentry"],"_links":{"self":[{"href":"https:\/\/hmdbiomedical.com.br\/index.php\/wp-json\/wp\/v2\/pages\/343","targetHints":{"allow":["GET"]}}],"collection":[{"href":"https:\/\/hmdbiomedical.com.br\/index.php\/wp-json\/wp\/v2\/pages"}],"about":[{"href":"https:\/\/hmdbiomedical.com.br\/index.php\/wp-json\/wp\/v2\/types\/page"}],"author":[{"embeddable":true,"href":"https:\/\/hmdbiomedical.com.br\/index.php\/wp-json\/wp\/v2\/users\/1"}],"replies":[{"embeddable":true,"href":"https:\/\/hmdbiomedical.com.br\/index.php\/wp-json\/wp\/v2\/comments?post=343"}],"version-history":[{"count":67,"href":"https:\/\/hmdbiomedical.com.br\/index.php\/wp-json\/wp\/v2\/pages\/343\/revisions"}],"predecessor-version":[{"id":467,"href":"https:\/\/hmdbiomedical.com.br\/index.php\/wp-json\/wp\/v2\/pages\/343\/revisions\/467"}],"wp:attachment":[{"href":"https:\/\/hmdbiomedical.com.br\/index.php\/wp-json\/wp\/v2\/media?parent=343"}],"curies":[{"name":"wp","href":"https:\/\/api.w.org\/{rel}","templated":true}]}}